{"id":15,"date":"2021-10-06T19:33:19","date_gmt":"2021-10-06T19:33:19","guid":{"rendered":"https:\/\/www.campingehrwald.at\/?page_id=15"},"modified":"2024-05-17T10:24:06","modified_gmt":"2024-05-17T08:24:06","slug":"home","status":"publish","type":"page","link":"https:\/\/campingehrwald.at\/nl\/","title":{"rendered":"Home"},"content":{"rendered":"\n<br>\n\n\n\n<div class=\"wp-block-columns is-layout-flex wp-container-core-columns-is-layout-9d6595d7 wp-block-columns-is-layout-flex\">\n<div class=\"wp-block-column is-layout-flow wp-block-column-is-layout-flow\" style=\"flex-basis:33.33%\">\n<figure class=\"wp-block-image size-large\"><a  href=\"https:\/\/campingehrwald.at\/wp-content\/uploads\/DJI_0037-scaled.jpg\" data-rel=\"lightbox-gallery-1\" data-rl_title=\"\" data-rl_caption=\"\" title=\"\"><img loading=\"lazy\" decoding=\"async\" width=\"810\" height=\"1080\" src=\"https:\/\/campingehrwald.at\/wp-content\/uploads\/DJI_0037-810x1080.jpg\" alt=\"\" class=\"wp-image-484\"\/><\/a><figcaption class=\"wp-element-caption\">Camping en Sonnenspitze<\/figcaption><\/figure>\n<\/div>\n\n\n\n<div class=\"wp-block-column is-layout-flow wp-block-column-is-layout-flow\" style=\"flex-basis:66.66%\">\n<h5 class=\"wp-block-heading\">Hallo en welkom op &#8220;Camping Dr. Lauth&#8221;!<\/h5>\n\n\n\n<p>Camping Dr. Lauth ligt in Ehrwald aan de zonnige, Oostenrijkse kant van de Zugspitze. Midden tussen de bergen en meertjes van Tirol vindt u er mooie, rustige grasplaatsen voor zowel caravan en camper als tent. &#8216;s Zomers en &#8216;s winters is het in Ehrwald en omgeving heerlijk actief vakantievieren.<\/p>\n\n\n\n<p>In de directe omgeving is er van alles te doen! &#8216;s Winters skie\u00ebn op \u00e9\u00e9n van de vele skipistes. Of rodelen, langlaufen, schaatsen, et cetera. Er is voor elk wat wils. En &#8216;s zomers wandelen door de bergen, mountainbiken, bergbeklimmen, zwemmen, golfen of dagtochten op de motor naar Itali\u00eb, Zuid-Duitsland en Zwitserland. Om &#8216;s avonds voldaan terug te keren en lekker uit te rusten op ons terras.<\/p>\n\n\n\n<p><strong>Wij wensen u een prettig verblijf!<br>Angie &amp; Mehmet<\/strong><\/p>\n<\/div>\n<\/div>\n\n\n<div class=\"rl-gallery-container rl-loading\" id=\"rl-gallery-container-1\" data-gallery_id=\"311\"> <div class=\"rl-gallery rl-basicgrid-gallery \" id=\"rl-gallery-1\" data-gallery_no=\"1\"> <div class=\"rl-gallery-item\"><a href=\"https:\/\/campingehrwald.at\/wp-content\/uploads\/2021Camping-38_HD.jpg\" title=\"\" data-rl_title=\"\" class=\"rl-gallery-link\" data-rl_caption=\"\" data-rel=\"lightbox-gallery-bGlnaHRib3gtZ2FsbGVyeS0x\" data-rl_title=\"\" data-rl_caption=\"\"><img loading=\"lazy\" decoding=\"async\" src=\"https:\/\/campingehrwald.at\/wp-content\/uploads\/2021Camping-38_HD-300x166.jpg\" width=\"300\" height=\"166\" alt=\"\" \/><\/a><\/div><div class=\"rl-gallery-item\"><a href=\"https:\/\/campingehrwald.at\/wp-content\/uploads\/2021Camping-7_HD.jpg\" title=\"\" data-rl_title=\"\" class=\"rl-gallery-link\" data-rl_caption=\"Kletterger\u00fcst\" data-rel=\"lightbox-gallery-bGlnaHRib3gtZ2FsbGVyeS0x\" data-rl_title=\"\" data-rl_caption=\"\"><img loading=\"lazy\" decoding=\"async\" src=\"https:\/\/campingehrwald.at\/wp-content\/uploads\/2021Camping-7_HD-300x166.jpg\" width=\"300\" height=\"166\" alt=\"\" \/><\/a><\/div><div class=\"rl-gallery-item\"><a href=\"https:\/\/campingehrwald.at\/wp-content\/uploads\/304_9297_HD-1626x1080.jpg\" title=\"\" data-rl_title=\"\" class=\"rl-gallery-link\" data-rl_caption=\"\" data-rel=\"lightbox-gallery-bGlnaHRib3gtZ2FsbGVyeS0x\" data-rl_title=\"\" data-rl_caption=\"\"><img loading=\"lazy\" decoding=\"async\" src=\"https:\/\/campingehrwald.at\/wp-content\/uploads\/304_9297_HD-300x199.jpg\" width=\"300\" height=\"199\" alt=\"\" \/><\/a><\/div><div class=\"rl-gallery-item\"><a href=\"https:\/\/campingehrwald.at\/wp-content\/uploads\/2021Camping-24_HD-1620x1080.jpg\" title=\"\" data-rl_title=\"\" class=\"rl-gallery-link\" data-rl_caption=\"\" data-rel=\"lightbox-gallery-bGlnaHRib3gtZ2FsbGVyeS0x\" data-rl_title=\"\" data-rl_caption=\"\"><img loading=\"lazy\" decoding=\"async\" src=\"https:\/\/campingehrwald.at\/wp-content\/uploads\/2021Camping-24_HD-300x200.jpg\" width=\"300\" height=\"200\" alt=\"\" \/><\/a><\/div><div class=\"rl-gallery-item\"><a href=\"https:\/\/campingehrwald.at\/wp-content\/uploads\/2021Camping-15_HD-1624x1080.jpg\" title=\"\" data-rl_title=\"\" class=\"rl-gallery-link\" data-rl_caption=\"\" data-rel=\"lightbox-gallery-bGlnaHRib3gtZ2FsbGVyeS0x\" data-rl_title=\"\" data-rl_caption=\"\"><img loading=\"lazy\" decoding=\"async\" src=\"https:\/\/campingehrwald.at\/wp-content\/uploads\/2021Camping-15_HD-300x200.jpg\" width=\"300\" height=\"200\" alt=\"\" \/><\/a><\/div><div class=\"rl-gallery-item\"><a href=\"https:\/\/campingehrwald.at\/wp-content\/uploads\/Z62_2238_HD-1624x1080.jpg\" title=\"\" data-rl_title=\"\" class=\"rl-gallery-link\" data-rl_caption=\"Familiendusche\" data-rel=\"lightbox-gallery-bGlnaHRib3gtZ2FsbGVyeS0x\" data-rl_title=\"\" data-rl_caption=\"\"><img loading=\"lazy\" decoding=\"async\" src=\"https:\/\/campingehrwald.at\/wp-content\/uploads\/Z62_2238_HD-300x200.jpg\" width=\"300\" height=\"200\" alt=\"\" \/><\/a><\/div><div class=\"rl-gallery-item\"><a href=\"https:\/\/campingehrwald.at\/wp-content\/uploads\/Z62_2215_HD-1624x1080.jpg\" title=\"\" data-rl_title=\"\" class=\"rl-gallery-link\" data-rl_caption=\"\" data-rel=\"lightbox-gallery-bGlnaHRib3gtZ2FsbGVyeS0x\" data-rl_title=\"\" data-rl_caption=\"\"><img loading=\"lazy\" decoding=\"async\" src=\"https:\/\/campingehrwald.at\/wp-content\/uploads\/Z62_2215_HD-300x200.jpg\" width=\"300\" height=\"200\" alt=\"\" \/><\/a><\/div><div class=\"rl-gallery-item\"><a href=\"https:\/\/campingehrwald.at\/wp-content\/uploads\/Z62_2307_HD-1624x1080.jpg\" title=\"\" data-rl_title=\"\" class=\"rl-gallery-link\" data-rl_caption=\"Sp\u00fclraum Touristikbereich\" data-rel=\"lightbox-gallery-bGlnaHRib3gtZ2FsbGVyeS0x\" data-rl_title=\"\" data-rl_caption=\"\"><img loading=\"lazy\" decoding=\"async\" src=\"https:\/\/campingehrwald.at\/wp-content\/uploads\/Z62_2307_HD-300x200.jpg\" width=\"300\" height=\"200\" alt=\"\" \/><\/a><\/div><div class=\"rl-gallery-item\"><a href=\"https:\/\/campingehrwald.at\/wp-content\/uploads\/Z62_2310_HD_1-718x1080.jpg\" title=\"\" data-rl_title=\"\" class=\"rl-gallery-link\" data-rl_caption=\"Wegweiser\" data-rel=\"lightbox-gallery-bGlnaHRib3gtZ2FsbGVyeS0x\" data-rl_title=\"\" data-rl_caption=\"\"><img loading=\"lazy\" decoding=\"async\" src=\"https:\/\/campingehrwald.at\/wp-content\/uploads\/Z62_2310_HD_1-200x300.jpg\" width=\"200\" height=\"300\" alt=\"\" \/><\/a><\/div> <\/div> <\/div>\n","protected":false},"excerpt":{"rendered":"<p>Hallo en welkom op &#8220;Camping Dr. Lauth&#8221;! Camping Dr. Lauth ligt in Ehrwald aan de zonnige, Oostenrijkse kant van de Zugspitze. Midden tussen de bergen en meertjes van Tirol vindt u er mooie, rustige grasplaatsen voor zowel caravan en camper als tent. &#8216;s Zomers en &#8216;s winters is het in Ehrwald en omgeving heerlijk actief&hellip;&nbsp;<a href=\"https:\/\/campingehrwald.at\/nl\/\" rel=\"bookmark\">Read More &raquo;<span class=\"screen-reader-text\">Home<\/span><\/a><\/p>\n","protected":false},"author":5,"featured_media":39,"parent":0,"menu_order":0,"comment_status":"closed","ping_status":"closed","template":"","meta":{"neve_meta_sidebar":"full-width","neve_meta_container":"","neve_meta_enable_content_width":"","neve_meta_content_width":0,"neve_meta_title_alignment":"","neve_meta_author_avatar":"","neve_post_elements_order":"","neve_meta_disable_header":"","neve_meta_disable_footer":"","neve_meta_disable_title":"on","footnotes":""},"class_list":["post-15","page","type-page","status-publish","has-post-thumbnail","hentry"],"translation":{"provider":"WPGlobus","version":"3.0.2","language":"nl","enabled_languages":["de","nl","en"],"languages":{"de":{"title":true,"content":true,"excerpt":false},"nl":{"title":true,"content":true,"excerpt":false},"en":{"title":true,"content":true,"excerpt":false}}},"jetpack_sharing_enabled":true,"_links":{"self":[{"href":"https:\/\/campingehrwald.at\/nl\/wp-json\/wp\/v2\/pages\/15","targetHints":{"allow":["GET"]}}],"collection":[{"href":"https:\/\/campingehrwald.at\/nl\/wp-json\/wp\/v2\/pages"}],"about":[{"href":"https:\/\/campingehrwald.at\/nl\/wp-json\/wp\/v2\/types\/page"}],"author":[{"embeddable":true,"href":"https:\/\/campingehrwald.at\/nl\/wp-json\/wp\/v2\/users\/5"}],"replies":[{"embeddable":true,"href":"https:\/\/campingehrwald.at\/nl\/wp-json\/wp\/v2\/comments?post=15"}],"version-history":[{"count":59,"href":"https:\/\/campingehrwald.at\/nl\/wp-json\/wp\/v2\/pages\/15\/revisions"}],"predecessor-version":[{"id":5182,"href":"https:\/\/campingehrwald.at\/nl\/wp-json\/wp\/v2\/pages\/15\/revisions\/5182"}],"wp:featuredmedia":[{"embeddable":true,"href":"https:\/\/campingehrwald.at\/nl\/wp-json\/wp\/v2\/media\/39"}],"wp:attachment":[{"href":"https:\/\/campingehrwald.at\/nl\/wp-json\/wp\/v2\/media?parent=15"}],"curies":[{"name":"wp","href":"https:\/\/api.w.org\/{rel}","templated":true}]}}