{"id":581,"date":"2021-10-19T11:14:49","date_gmt":"2021-10-19T09:14:49","guid":{"rendered":"https:\/\/www.campingehrwald.at\/?page_id=581"},"modified":"2022-05-12T23:36:13","modified_gmt":"2022-05-12T21:36:13","slug":"geschichte","status":"publish","type":"page","link":"https:\/\/campingehrwald.at\/en\/geschichte\/","title":{"rendered":"Geschichte"},"content":{"rendered":"\n<div class=\"wp-block-columns is-layout-flex wp-container-core-columns-is-layout-9d6595d7 wp-block-columns-is-layout-flex\">\n<div class=\"wp-block-column is-layout-flow wp-block-column-is-layout-flow\" style=\"flex-basis:33.33%\"><\/div>\n\n\n\n<div class=\"wp-block-column is-layout-flow wp-block-column-is-layout-flow\" style=\"flex-basis:66.66%\">\n<h6 class=\"wp-block-heading\">Geschichte des Camping Dr. Lauth<\/h6>\n\n\n\n<p>Gegr\u00fcndet wurde der Campingplatz von Dr. Ing. Emil Lauth (geb. 12.10.1898, gest. 04.02.1990) in den 50er Jahren.<\/p>\n\n\n\n<p>Elsbeth Lauth, verheiratete Brettle spielte an 1953 in der Klassenlotterie und gewann 300 Mark. Sie sagte zu ihren Kindern: &#8220;Wir kaufen uns ein Zelt und ich zeig euch die Welt&#8221;.<br>1956 fuhr Elsbeth Brettle mit ihren Kindern nach Jesolo in Italien. Der Campingplatz gefiel ihr jedoch nicht!<br>In Bibione Pineda wird gerade direkt am Meer ein Campingplatz errichtet. Ein Waschhaus steht schon. Das war f\u00fcr sie der erste Urlaub nach dem Krieg (2.Weltkrieg).<br>Elsbeths Bruder Emil Lauth besuchte sie in Bibione. Er sagte: &#8220;Ja prima, das mache ich in Ehrwald!&#8221;<br>Provisorisch machte er die Duschen und Toiletten in den Wald ums Haus (Ferienhaus). Den Zelten gab er f\u00fcr die Nacht ein Licht mit Batterie. Semmel und Milch holte er im Dorf und verkaufte sie am K\u00fcchenfenster an die Camper. Dann errichtete er noch einen Kiosk mit Lebensmitteln und Getr\u00e4nken (&#8230;die heutige Rezeption). Es wurde noch weiterer Grund dazugepachtet und gekauft. <\/p>\n<\/div>\n<\/div>\n","protected":false},"excerpt":{"rendered":"<p>Geschichte des Camping Dr. Lauth Gegr\u00fcndet wurde der Campingplatz von Dr. Ing. Emil Lauth (geb. 12.10.1898, gest. 04.02.1990) in den 50er Jahren. Elsbeth Lauth, verheiratete Brettle spielte an 1953 in der Klassenlotterie und gewann 300 Mark. Sie sagte zu ihren Kindern: &#8220;Wir kaufen uns ein Zelt und ich zeig euch die Welt&#8221;.1956 fuhr Elsbeth Brettle&hellip;&nbsp;<a href=\"https:\/\/campingehrwald.at\/en\/geschichte\/\" rel=\"bookmark\">Read More &raquo;<span class=\"screen-reader-text\">Geschichte<\/span><\/a><\/p>\n","protected":false},"author":5,"featured_media":0,"parent":0,"menu_order":0,"comment_status":"closed","ping_status":"closed","template":"","meta":{"neve_meta_sidebar":"full-width","neve_meta_container":"","neve_meta_enable_content_width":"","neve_meta_content_width":0,"neve_meta_title_alignment":"","neve_meta_author_avatar":"","neve_post_elements_order":"","neve_meta_disable_header":"","neve_meta_disable_footer":"","neve_meta_disable_title":"","footnotes":""},"class_list":["post-581","page","type-page","status-publish","hentry"],"translation":{"provider":"WPGlobus","version":"3.0.2","language":"en","enabled_languages":["de","nl","en"],"languages":{"de":{"title":true,"content":true,"excerpt":false},"nl":{"title":false,"content":false,"excerpt":false},"en":{"title":false,"content":false,"excerpt":false}}},"jetpack_sharing_enabled":true,"_links":{"self":[{"href":"https:\/\/campingehrwald.at\/en\/wp-json\/wp\/v2\/pages\/581","targetHints":{"allow":["GET"]}}],"collection":[{"href":"https:\/\/campingehrwald.at\/en\/wp-json\/wp\/v2\/pages"}],"about":[{"href":"https:\/\/campingehrwald.at\/en\/wp-json\/wp\/v2\/types\/page"}],"author":[{"embeddable":true,"href":"https:\/\/campingehrwald.at\/en\/wp-json\/wp\/v2\/users\/5"}],"replies":[{"embeddable":true,"href":"https:\/\/campingehrwald.at\/en\/wp-json\/wp\/v2\/comments?post=581"}],"version-history":[{"count":3,"href":"https:\/\/campingehrwald.at\/en\/wp-json\/wp\/v2\/pages\/581\/revisions"}],"predecessor-version":[{"id":717,"href":"https:\/\/campingehrwald.at\/en\/wp-json\/wp\/v2\/pages\/581\/revisions\/717"}],"wp:attachment":[{"href":"https:\/\/campingehrwald.at\/en\/wp-json\/wp\/v2\/media?parent=581"}],"curies":[{"name":"wp","href":"https:\/\/api.w.org\/{rel}","templated":true}]}}