{"id":439,"date":"2021-10-16T15:16:04","date_gmt":"2021-10-16T13:16:04","guid":{"rendered":"https:\/\/www.campingehrwald.at\/?page_id=439"},"modified":"2024-05-17T20:52:37","modified_gmt":"2024-05-17T18:52:37","slug":"sanitaer","status":"publish","type":"page","link":"https:\/\/campingehrwald.at\/en\/sanitaer\/","title":{"rendered":"Sanit\u00e4r"},"content":{"rendered":"\n<div class=\"wp-block-columns is-layout-flex wp-container-core-columns-is-layout-9d6595d7 wp-block-columns-is-layout-flex\">\n<div class=\"wp-block-column is-layout-flow wp-block-column-is-layout-flow\" style=\"flex-basis:33.33%\">\n<figure class=\"wp-block-image size-large\"><a  href=\"https:\/\/campingehrwald.at\/wp-content\/uploads\/Z62_2226_HD.jpg\" data-rel=\"lightbox-gallery-1\" data-rl_title=\"\" data-rl_caption=\"\" title=\"\"><img loading=\"lazy\" decoding=\"async\" width=\"1624\" height=\"1080\" src=\"https:\/\/campingehrwald.at\/wp-content\/uploads\/Z62_2226_HD-1624x1080.jpg\" alt=\"\" class=\"wp-image-426\" srcset=\"https:\/\/campingehrwald.at\/wp-content\/uploads\/Z62_2226_HD-1624x1080.jpg 1624w, https:\/\/campingehrwald.at\/wp-content\/uploads\/Z62_2226_HD-300x200.jpg 300w, https:\/\/campingehrwald.at\/wp-content\/uploads\/Z62_2226_HD-768x511.jpg 768w, https:\/\/campingehrwald.at\/wp-content\/uploads\/Z62_2226_HD-1536x1022.jpg 1536w, https:\/\/campingehrwald.at\/wp-content\/uploads\/Z62_2226_HD.jpg 1920w\" sizes=\"auto, (max-width: 1624px) 100vw, 1624px\" \/><\/a><\/figure>\n\n\n\n<p><\/p>\n\n\n\n<figure class=\"wp-block-image size-large\"><img loading=\"lazy\" decoding=\"async\" width=\"1624\" height=\"1080\" src=\"https:\/\/campingehrwald.at\/wp-content\/uploads\/Z62_2241_HD-1624x1080.jpg\" alt=\"\" class=\"wp-image-431\" srcset=\"https:\/\/campingehrwald.at\/wp-content\/uploads\/Z62_2241_HD-1624x1080.jpg 1624w, https:\/\/campingehrwald.at\/wp-content\/uploads\/Z62_2241_HD-300x200.jpg 300w, https:\/\/campingehrwald.at\/wp-content\/uploads\/Z62_2241_HD-768x511.jpg 768w, https:\/\/campingehrwald.at\/wp-content\/uploads\/Z62_2241_HD-1536x1022.jpg 1536w, https:\/\/campingehrwald.at\/wp-content\/uploads\/Z62_2241_HD.jpg 1920w\" sizes=\"auto, (max-width: 1624px) 100vw, 1624px\" \/><\/figure>\n<\/div>\n\n\n\n<div class=\"wp-block-column is-layout-flow wp-block-column-is-layout-flow\" style=\"flex-basis:66.66%\">\n<p>Unsere Sanit\u00e4ranlagen sind sauber und gepflegt. Die Nutzung der Duschen ist im Preis inbegriffen und es fallen keine extra Geb\u00fchren an.<\/p>\n\n\n\n<p>Es steht ihnen neben der Damen- und  Herrendusche auch noch eine Familiendusche zur Verf\u00fcgung. Des Weiteren k\u00f6nnen sie (gegen extra Geb\u00fchr) die Infrarotkabine nutzen.<\/p>\n\n\n\n<p>Waschmaschinen und Trockner f\u00fcr ihre Kleidung k\u00f6nnen sie gegen Geb\u00fchr benutzen.<\/p>\n\n\n\n<p>F\u00fcr Besitzer eines vierbeinigen Freundes steht eine <a  href=\"https:\/\/campingehrwald.at\/wp-content\/uploads\/Z62_3399_HD-718x1080.jpg\" data-rel=\"lightbox-gallery-1\" data-rl_title=\"\" data-rl_caption=\"\" title=\"\">Hundedusche<\/a> zur Verf\u00fcgung.<\/p>\n<\/div>\n<\/div>\n\n\n<div class=\"rl-gallery-container rl-loading\" id=\"rl-gallery-container-1\" data-gallery_id=\"413\"> <div class=\"rl-gallery rl-basicgrid-gallery \" id=\"rl-gallery-1\" data-gallery_no=\"1\"> <div class=\"rl-gallery-item\"><a href=\"https:\/\/campingehrwald.at\/wp-content\/uploads\/Z62_2221_HD-718x1080.jpg\" title=\"\" data-rl_title=\"\" class=\"rl-gallery-link\" data-rl_caption=\"Duschkabine\" data-rel=\"lightbox-gallery-bGlnaHRib3gtZ2FsbGVyeS0x\" data-rl_title=\"\" data-rl_caption=\"\"><img loading=\"lazy\" decoding=\"async\" src=\"https:\/\/campingehrwald.at\/wp-content\/uploads\/Z62_2221_HD-200x300.jpg\" width=\"200\" height=\"300\" alt=\"\" \/><\/a><\/div><div class=\"rl-gallery-item\"><a href=\"https:\/\/campingehrwald.at\/wp-content\/uploads\/Z62_2223_HD-1624x1080.jpg\" title=\"\" data-rl_title=\"\" class=\"rl-gallery-link\" data-rl_caption=\"Waschraum Herren\" data-rel=\"lightbox-gallery-bGlnaHRib3gtZ2FsbGVyeS0x\" data-rl_title=\"\" data-rl_caption=\"\"><img loading=\"lazy\" decoding=\"async\" src=\"https:\/\/campingehrwald.at\/wp-content\/uploads\/Z62_2223_HD-300x200.jpg\" width=\"300\" height=\"200\" alt=\"\" \/><\/a><\/div><div class=\"rl-gallery-item\"><a href=\"https:\/\/campingehrwald.at\/wp-content\/uploads\/Z62_2241_HD-1624x1080.jpg\" title=\"\" data-rl_title=\"\" class=\"rl-gallery-link\" data-rl_caption=\"Familiendusche\" data-rel=\"lightbox-gallery-bGlnaHRib3gtZ2FsbGVyeS0x\" data-rl_title=\"\" data-rl_caption=\"\"><img loading=\"lazy\" decoding=\"async\" src=\"https:\/\/campingehrwald.at\/wp-content\/uploads\/Z62_2241_HD-300x200.jpg\" width=\"300\" height=\"200\" alt=\"\" \/><\/a><\/div><div class=\"rl-gallery-item\"><a href=\"https:\/\/campingehrwald.at\/wp-content\/uploads\/Z62_2240_HD-1624x1080.jpg\" title=\"\" data-rl_title=\"\" class=\"rl-gallery-link\" data-rl_caption=\"Familiendusche\" data-rel=\"lightbox-gallery-bGlnaHRib3gtZ2FsbGVyeS0x\" data-rl_title=\"\" data-rl_caption=\"\"><img loading=\"lazy\" decoding=\"async\" src=\"https:\/\/campingehrwald.at\/wp-content\/uploads\/Z62_2240_HD-300x200.jpg\" width=\"300\" height=\"200\" alt=\"\" \/><\/a><\/div><div class=\"rl-gallery-item\"><a href=\"https:\/\/campingehrwald.at\/wp-content\/uploads\/Z62_2238_HD-1624x1080.jpg\" title=\"\" data-rl_title=\"\" class=\"rl-gallery-link\" data-rl_caption=\"Familiendusche\" data-rel=\"lightbox-gallery-bGlnaHRib3gtZ2FsbGVyeS0x\" data-rl_title=\"\" data-rl_caption=\"\"><img loading=\"lazy\" decoding=\"async\" src=\"https:\/\/campingehrwald.at\/wp-content\/uploads\/Z62_2238_HD-300x200.jpg\" width=\"300\" height=\"200\" alt=\"\" \/><\/a><\/div><div class=\"rl-gallery-item\"><a href=\"https:\/\/campingehrwald.at\/wp-content\/uploads\/Z62_2235_HD-718x1080.jpg\" title=\"\" data-rl_title=\"\" class=\"rl-gallery-link\" data-rl_caption=\"Familiendusche\" data-rel=\"lightbox-gallery-bGlnaHRib3gtZ2FsbGVyeS0x\" data-rl_title=\"\" data-rl_caption=\"\"><img loading=\"lazy\" decoding=\"async\" src=\"https:\/\/campingehrwald.at\/wp-content\/uploads\/Z62_2235_HD-200x300.jpg\" width=\"200\" height=\"300\" alt=\"\" \/><\/a><\/div><div class=\"rl-gallery-item\"><a href=\"https:\/\/campingehrwald.at\/wp-content\/uploads\/Z62_2226_HD-1624x1080.jpg\" title=\"\" data-rl_title=\"\" class=\"rl-gallery-link\" data-rl_caption=\"Sanit\u00e4rbereich\" data-rel=\"lightbox-gallery-bGlnaHRib3gtZ2FsbGVyeS0x\" data-rl_title=\"\" data-rl_caption=\"\"><img loading=\"lazy\" decoding=\"async\" src=\"https:\/\/campingehrwald.at\/wp-content\/uploads\/Z62_2226_HD-300x200.jpg\" width=\"300\" height=\"200\" alt=\"\" \/><\/a><\/div><div class=\"rl-gallery-item\"><a href=\"https:\/\/campingehrwald.at\/wp-content\/uploads\/Z62_2220_HD-1624x1080.jpg\" title=\"\" data-rl_title=\"\" class=\"rl-gallery-link\" data-rl_caption=\"Waschraum Herren\" data-rel=\"lightbox-gallery-bGlnaHRib3gtZ2FsbGVyeS0x\" data-rl_title=\"\" data-rl_caption=\"\"><img loading=\"lazy\" decoding=\"async\" src=\"https:\/\/campingehrwald.at\/wp-content\/uploads\/Z62_2220_HD-300x200.jpg\" width=\"300\" height=\"200\" alt=\"\" \/><\/a><\/div><div class=\"rl-gallery-item\"><a href=\"https:\/\/campingehrwald.at\/wp-content\/uploads\/Z62_2299_HD-718x1080.jpg\" title=\"\" data-rl_title=\"\" class=\"rl-gallery-link\" data-rl_caption=\"Infrarotkabine\" data-rel=\"lightbox-gallery-bGlnaHRib3gtZ2FsbGVyeS0x\" data-rl_title=\"\" data-rl_caption=\"\"><img loading=\"lazy\" decoding=\"async\" src=\"https:\/\/campingehrwald.at\/wp-content\/uploads\/Z62_2299_HD-200x300.jpg\" width=\"200\" height=\"300\" alt=\"\" \/><\/a><\/div><div class=\"rl-gallery-item\"><a href=\"https:\/\/campingehrwald.at\/wp-content\/uploads\/Z62_2308_HD-1624x1080.jpg\" title=\"\" data-rl_title=\"\" class=\"rl-gallery-link\" data-rl_caption=\"Sp\u00fclraum Touristikbereich\" data-rel=\"lightbox-gallery-bGlnaHRib3gtZ2FsbGVyeS0x\" data-rl_title=\"\" data-rl_caption=\"\"><img loading=\"lazy\" decoding=\"async\" src=\"https:\/\/campingehrwald.at\/wp-content\/uploads\/Z62_2308_HD-300x200.jpg\" width=\"300\" height=\"200\" alt=\"\" \/><\/a><\/div><div class=\"rl-gallery-item\"><a href=\"https:\/\/campingehrwald.at\/wp-content\/uploads\/Z62_2307_HD-1624x1080.jpg\" title=\"\" data-rl_title=\"\" class=\"rl-gallery-link\" data-rl_caption=\"Sp\u00fclraum Touristikbereich\" data-rel=\"lightbox-gallery-bGlnaHRib3gtZ2FsbGVyeS0x\" data-rl_title=\"\" data-rl_caption=\"\"><img loading=\"lazy\" decoding=\"async\" src=\"https:\/\/campingehrwald.at\/wp-content\/uploads\/Z62_2307_HD-300x200.jpg\" width=\"300\" height=\"200\" alt=\"\" \/><\/a><\/div><div class=\"rl-gallery-item\"><a href=\"https:\/\/campingehrwald.at\/wp-content\/uploads\/Z62_2314_HD-1624x1080.jpg\" title=\"\" data-rl_title=\"\" class=\"rl-gallery-link\" data-rl_caption=\"Waschmaschine\/Trockner\" data-rel=\"lightbox-gallery-bGlnaHRib3gtZ2FsbGVyeS0x\" data-rl_title=\"\" data-rl_caption=\"\"><img loading=\"lazy\" decoding=\"async\" src=\"https:\/\/campingehrwald.at\/wp-content\/uploads\/Z62_2314_HD-300x200.jpg\" width=\"300\" height=\"200\" alt=\"\" \/><\/a><\/div><div class=\"rl-gallery-item\"><a href=\"https:\/\/campingehrwald.at\/wp-content\/uploads\/Z62_3399_HD-718x1080.jpg\" title=\"\" data-rl_title=\"\" class=\"rl-gallery-link\" data-rl_caption=\"Hundedusche\" data-rel=\"lightbox-gallery-bGlnaHRib3gtZ2FsbGVyeS0x\" data-rl_title=\"\" data-rl_caption=\"\"><img loading=\"lazy\" decoding=\"async\" src=\"https:\/\/campingehrwald.at\/wp-content\/uploads\/Z62_3399_HD-200x300.jpg\" width=\"200\" height=\"300\" alt=\"\" \/><\/a><\/div><div class=\"rl-gallery-item\"><a href=\"https:\/\/campingehrwald.at\/wp-content\/uploads\/Z63_0716_HD-1624x1080.jpg\" title=\"\" data-rl_title=\"\" class=\"rl-gallery-link\" data-rl_caption=\"Sp\u00fclraum\" data-rel=\"lightbox-gallery-bGlnaHRib3gtZ2FsbGVyeS0x\" data-rl_title=\"\" data-rl_caption=\"\"><img loading=\"lazy\" decoding=\"async\" src=\"https:\/\/campingehrwald.at\/wp-content\/uploads\/Z63_0716_HD-300x200.jpg\" width=\"300\" height=\"200\" alt=\"\" \/><\/a><\/div><div class=\"rl-gallery-item\"><a href=\"https:\/\/campingehrwald.at\/wp-content\/uploads\/Z63_0718_HD-1624x1080.jpg\" title=\"\" data-rl_title=\"\" class=\"rl-gallery-link\" data-rl_caption=\"Sp\u00fclraum\" data-rel=\"lightbox-gallery-bGlnaHRib3gtZ2FsbGVyeS0x\" data-rl_title=\"\" data-rl_caption=\"\"><img loading=\"lazy\" decoding=\"async\" src=\"https:\/\/campingehrwald.at\/wp-content\/uploads\/Z63_0718_HD-300x200.jpg\" width=\"300\" height=\"200\" alt=\"\" \/><\/a><\/div> <\/div> <\/div>\n\n\n\n<p><\/p>\n\n\n\n<p><\/p>\n","protected":false},"excerpt":{"rendered":"<p>Unsere Sanit\u00e4ranlagen sind sauber und gepflegt. Die Nutzung der Duschen ist im Preis inbegriffen und es fallen keine extra Geb\u00fchren an. Es steht ihnen neben der Damen- und Herrendusche auch noch eine Familiendusche zur Verf\u00fcgung. Des Weiteren k\u00f6nnen sie (gegen extra Geb\u00fchr) die Infrarotkabine nutzen. Waschmaschinen und Trockner f\u00fcr ihre Kleidung k\u00f6nnen sie gegen Geb\u00fchr&hellip;&nbsp;<a href=\"https:\/\/campingehrwald.at\/en\/sanitaer\/\" rel=\"bookmark\">Read More &raquo;<span class=\"screen-reader-text\">Sanit\u00e4r<\/span><\/a><\/p>\n","protected":false},"author":5,"featured_media":0,"parent":0,"menu_order":0,"comment_status":"closed","ping_status":"closed","template":"","meta":{"neve_meta_sidebar":"full-width","neve_meta_container":"","neve_meta_enable_content_width":"","neve_meta_content_width":0,"neve_meta_title_alignment":"","neve_meta_author_avatar":"","neve_post_elements_order":"","neve_meta_disable_header":"","neve_meta_disable_footer":"","neve_meta_disable_title":"","footnotes":""},"class_list":["post-439","page","type-page","status-publish","hentry"],"translation":{"provider":"WPGlobus","version":"3.0.2","language":"en","enabled_languages":["de","nl","en"],"languages":{"de":{"title":true,"content":true,"excerpt":false},"nl":{"title":false,"content":false,"excerpt":false},"en":{"title":false,"content":false,"excerpt":false}}},"jetpack_sharing_enabled":true,"_links":{"self":[{"href":"https:\/\/campingehrwald.at\/en\/wp-json\/wp\/v2\/pages\/439","targetHints":{"allow":["GET"]}}],"collection":[{"href":"https:\/\/campingehrwald.at\/en\/wp-json\/wp\/v2\/pages"}],"about":[{"href":"https:\/\/campingehrwald.at\/en\/wp-json\/wp\/v2\/types\/page"}],"author":[{"embeddable":true,"href":"https:\/\/campingehrwald.at\/en\/wp-json\/wp\/v2\/users\/5"}],"replies":[{"embeddable":true,"href":"https:\/\/campingehrwald.at\/en\/wp-json\/wp\/v2\/comments?post=439"}],"version-history":[{"count":10,"href":"https:\/\/campingehrwald.at\/en\/wp-json\/wp\/v2\/pages\/439\/revisions"}],"predecessor-version":[{"id":5188,"href":"https:\/\/campingehrwald.at\/en\/wp-json\/wp\/v2\/pages\/439\/revisions\/5188"}],"wp:attachment":[{"href":"https:\/\/campingehrwald.at\/en\/wp-json\/wp\/v2\/media?parent=439"}],"curies":[{"name":"wp","href":"https:\/\/api.w.org\/{rel}","templated":true}]}}