{"id":21,"date":"2021-10-06T20:18:27","date_gmt":"2021-10-06T20:18:27","guid":{"rendered":"https:\/\/www.campingehrwald.at\/?page_id=21"},"modified":"2025-12-16T18:07:32","modified_gmt":"2025-12-16T17:07:32","slug":"preise","status":"publish","type":"page","link":"https:\/\/campingehrwald.at\/en\/preise\/","title":{"rendered":"Preise"},"content":{"rendered":"\n<p>Unsere Preisliste ist ganz \u00fcbersichtlich. Berechnen Sie hier einfach wieviel ein Aufenthalt kostet. Sie k\u00f6nnen sich nat\u00fcrlich direkt ein unverbindliches Angebot erstellen lassen, oder gleich <a href=\"https:\/\/campingehrwald.at\/reservierung\/\" data-type=\"page\" data-id=\"202\">online eine Reservierung<\/a> t\u00e4tigen.<\/p>\n\n\n\n<figure class=\"wp-block-table is-style-regular\"><table><thead><tr><th> Leistung pro Tag<\/th><th>Preis pro Tag <\/th><\/tr><\/thead><tbody><tr><td>Wohnwagen, Wohnmobil ab 8m<br>inklusive 2 Personen<\/td><td>65,00\u20ac<\/td><\/tr><tr><td>Wohnwagen, Wohnmobil 6m bis 7,99m<br>inklusive 2 Personen<\/td><td>60,00\u20ac<\/td><\/tr><tr><td>Kastenwagen bis 5,99m<br>inklusive 2 Personen<\/td><td>45,00\u20ac<\/td><\/tr><tr><td>Campingbus bis 4,99m<br>inklusive 2 Personen<\/td><td>40,00\u20ac<\/td><\/tr><tr><td>kleines Zelt (bis 4 qm) ohne Pkw<br>inklusive 1 Person<\/td><td>26,00\u20ac<\/td><\/tr><tr><td>kleines Zelt (bis 4 qm) ohne Pkw<br>inklusive 2 Personen<\/td><td>36,00\u20ac<\/td><\/tr><tr><td>mittleres Zelt (bis 9 qm) ohne Pkw<br>inklusive 2 Personen<\/td><td>40,00\u20ac<\/td><\/tr><tr><td>go\u00dfes Zelt (bis 20 qm) ohne Pkw<br>inklusive 2 Personen<\/td><td>45,00\u20ac<\/td><\/tr><tr><td>gro\u00dfes Zelt (> 20 qm) ohne Pkw<br>inklusive 2 Personen<\/td><td>60,00\u20ac<\/td><\/tr><tr><td>Jede weitere Person<\/td><td>13,00\u20ac<\/td><\/tr><tr><td>Kind (4 bis 13 Jahre)<\/td><td>10,00\u20ac<\/td><\/tr><tr><td>Kind (0 bis 3 Jahre)<\/td><td>5,00\u20ac<\/td><\/tr><tr><td>Hund<\/td><td>5,00\u20ac<\/td><\/tr><tr><td>Strom pro kWh<\/td><td>0,90\u20ac<\/td><\/tr><tr><td>Kurtaxe pro Person, pro Tag<\/td><td>3,00\u20ac<\/td><\/tr><tr><td>Pkw am Stellplatz beim Zelt oder Wohnwagen<\/td><td>10,00\u20ac<\/td><\/tr><\/tbody><\/table><\/figure>\n\n\n\n<p>Beachten Sie bitte f\u00fcr alle Preise und Angebote folgende Informationen:<\/p>\n\n\n\n<p><strong>Reservierung<\/strong><\/p>\n\n\n\n<p>Zur Reservierung ben\u00f6tigen wir bitte eine Anzahlung in H\u00f6he von 100\u20ac im Winter und 50\u20ac im Sommer pro Stellplatz. Bei Stornierung bis 14 Tage vor Anreise erstatten wir die Anzahlung zur\u00fcck. Bitte zahlen sie per \u00dcberweisung auf unser Konto:<br><br>IBAN: AT205700000190035560<br>SWIFT-BIC: HYPTAT22<\/p>\n\n\n\n<p><strong>An- und Abreise<\/strong><\/p>\n\n\n\n<p>Der gebuchte Standplatz steht am Ankunftstag ab 14:00 Uhr zur Verf\u00fcgung und muss am Abfahrtstag bis sp\u00e4testens 11:00 Uhr wieder ger\u00e4umt werden. Sollte sich Ihre Ankunft wesentlich verz\u00f6gern, verst\u00e4ndigen Sie uns bitte. Wenn keine Benachrichtigung erfolgt, wird der Standplatz ab 18:00 Uhr anderweitig vergeben.<\/p>\n\n\n\n<p><\/p>\n","protected":false},"excerpt":{"rendered":"<p>Unsere Preisliste ist ganz \u00fcbersichtlich. Berechnen Sie hier einfach wieviel ein Aufenthalt kostet. Sie k\u00f6nnen sich nat\u00fcrlich direkt ein unverbindliches Angebot erstellen lassen, oder gleich online eine Reservierung t\u00e4tigen. Leistung pro Tag Preis pro Tag Wohnwagen, Wohnmobil ab 8minklusive 2 Personen 65,00\u20ac Wohnwagen, Wohnmobil 6m bis 7,99minklusive 2 Personen 60,00\u20ac Kastenwagen bis 5,99minklusive 2 Personen&hellip;&nbsp;<a href=\"https:\/\/campingehrwald.at\/en\/preise\/\" rel=\"bookmark\">Read More &raquo;<span class=\"screen-reader-text\">Preise<\/span><\/a><\/p>\n","protected":false},"author":5,"featured_media":0,"parent":0,"menu_order":0,"comment_status":"closed","ping_status":"closed","template":"","meta":{"neve_meta_sidebar":"full-width","neve_meta_container":"","neve_meta_enable_content_width":"","neve_meta_content_width":0,"neve_meta_title_alignment":"","neve_meta_author_avatar":"","neve_post_elements_order":"","neve_meta_disable_header":"","neve_meta_disable_footer":"","neve_meta_disable_title":"","footnotes":""},"class_list":["post-21","page","type-page","status-publish","hentry"],"translation":{"provider":"WPGlobus","version":"3.0.2","language":"en","enabled_languages":["de","nl","en"],"languages":{"de":{"title":true,"content":true,"excerpt":false},"nl":{"title":true,"content":true,"excerpt":false},"en":{"title":false,"content":false,"excerpt":false}}},"jetpack_sharing_enabled":true,"_links":{"self":[{"href":"https:\/\/campingehrwald.at\/en\/wp-json\/wp\/v2\/pages\/21","targetHints":{"allow":["GET"]}}],"collection":[{"href":"https:\/\/campingehrwald.at\/en\/wp-json\/wp\/v2\/pages"}],"about":[{"href":"https:\/\/campingehrwald.at\/en\/wp-json\/wp\/v2\/types\/page"}],"author":[{"embeddable":true,"href":"https:\/\/campingehrwald.at\/en\/wp-json\/wp\/v2\/users\/5"}],"replies":[{"embeddable":true,"href":"https:\/\/campingehrwald.at\/en\/wp-json\/wp\/v2\/comments?post=21"}],"version-history":[{"count":62,"href":"https:\/\/campingehrwald.at\/en\/wp-json\/wp\/v2\/pages\/21\/revisions"}],"predecessor-version":[{"id":10577,"href":"https:\/\/campingehrwald.at\/en\/wp-json\/wp\/v2\/pages\/21\/revisions\/10577"}],"wp:attachment":[{"href":"https:\/\/campingehrwald.at\/en\/wp-json\/wp\/v2\/media?parent=21"}],"curies":[{"name":"wp","href":"https:\/\/api.w.org\/{rel}","templated":true}]}}