{"id":133,"date":"2021-10-10T10:58:23","date_gmt":"2021-10-10T08:58:23","guid":{"rendered":"https:\/\/www.campingehrwald.at\/?page_id=133"},"modified":"2025-12-30T13:56:04","modified_gmt":"2025-12-30T12:56:04","slug":"restaurant","status":"publish","type":"page","link":"https:\/\/campingehrwald.at\/en\/restaurant\/","title":{"rendered":"Restaurant"},"content":{"rendered":"\n<div class=\"wp-block-columns is-layout-flex wp-container-core-columns-is-layout-9d6595d7 wp-block-columns-is-layout-flex\">\n<div class=\"wp-block-column is-layout-flow wp-block-column-is-layout-flow\" style=\"flex-basis:33.33%\">\n<figure class=\"wp-block-image size-large\"><a  href=\"https:\/\/campingehrwald.at\/wp-content\/uploads\/IMG_3222.jpg\" data-rel=\"lightbox-gallery-1\" data-rl_title=\"\" data-rl_caption=\"\" title=\"\"><img loading=\"lazy\" decoding=\"async\" width=\"1154\" height=\"1080\" src=\"https:\/\/campingehrwald.at\/wp-content\/uploads\/IMG_3222-1154x1080.jpg\" alt=\"\" class=\"wp-image-8970\" srcset=\"https:\/\/campingehrwald.at\/wp-content\/uploads\/IMG_3222-1154x1080.jpg 1154w, https:\/\/campingehrwald.at\/wp-content\/uploads\/IMG_3222-300x281.jpg 300w, https:\/\/campingehrwald.at\/wp-content\/uploads\/IMG_3222-768x719.jpg 768w, https:\/\/campingehrwald.at\/wp-content\/uploads\/IMG_3222-1536x1438.jpg 1536w, https:\/\/campingehrwald.at\/wp-content\/uploads\/IMG_3222.jpg 1920w\" sizes=\"auto, (max-width: 1154px) 100vw, 1154px\" \/><\/a><\/figure>\n<\/div>\n\n\n\n<div class=\"wp-block-column is-layout-flow wp-block-column-is-layout-flow\">\n<p>In unserem Restaurant &#8220;Campingst\u00fcble&#8221; bietet wir ihnen \u00f6sterreichische und italienische K\u00fcche an. Sie k\u00f6nnen ihre Speisen sowohl im Innenbereich, als auch auf der  Terrasse genie\u00dfen.<\/p>\n\n\n\n<p>Vorab k\u00f6nnen sie sich schon gern in unserer <a href=\"https:\/\/campingehrwald.at\/restaurant\/speisekarte\/\" data-type=\"page\" data-id=\"504\">Speisekarte<\/a> umsehen oder diese herunterladen.<\/p>\n\n\n\n<p>Wir bieten ihnen alle Speisen auch zum mitnehmen an! <\/p>\n<\/div>\n<\/div>\n\n\n\n<hr class=\"wp-block-separator has-css-opacity\"\/>\n\n\n<div class=\"rl-gallery-container rl-loading\" id=\"rl-gallery-container-1\" data-gallery_id=\"397\"> <div class=\"rl-gallery rl-basicgrid-gallery \" id=\"rl-gallery-1\" data-gallery_no=\"1\"> <div class=\"rl-gallery-item\"><a href=\"https:\/\/campingehrwald.at\/wp-content\/uploads\/Z63_3561_HD.jpg\" title=\"\" data-rl_title=\"\" class=\"rl-gallery-link\" data-rl_caption=\"minnimedia.de\" data-rel=\"lightbox-gallery-bGlnaHRib3gtZ2FsbGVyeS0x\" data-rl_title=\"\" data-rl_caption=\"\"><img loading=\"lazy\" decoding=\"async\" src=\"https:\/\/campingehrwald.at\/wp-content\/uploads\/Z63_3561_HD-300x200.jpg\" width=\"300\" height=\"200\" alt=\"\" \/><\/a><\/div><div class=\"rl-gallery-item\"><a href=\"https:\/\/campingehrwald.at\/wp-content\/uploads\/Z63_3562_HD.jpg\" title=\"\" data-rl_title=\"\" class=\"rl-gallery-link\" data-rl_caption=\"minnimedia.de\" data-rel=\"lightbox-gallery-bGlnaHRib3gtZ2FsbGVyeS0x\" data-rl_title=\"\" data-rl_caption=\"\"><img loading=\"lazy\" decoding=\"async\" src=\"https:\/\/campingehrwald.at\/wp-content\/uploads\/Z63_3562_HD-300x200.jpg\" width=\"300\" height=\"200\" alt=\"\" \/><\/a><\/div><div class=\"rl-gallery-item\"><a href=\"https:\/\/campingehrwald.at\/wp-content\/uploads\/Z63_3564_HD.jpg\" title=\"\" data-rl_title=\"\" class=\"rl-gallery-link\" data-rl_caption=\"minnimedia.de\" data-rel=\"lightbox-gallery-bGlnaHRib3gtZ2FsbGVyeS0x\" data-rl_title=\"\" data-rl_caption=\"\"><img loading=\"lazy\" decoding=\"async\" src=\"https:\/\/campingehrwald.at\/wp-content\/uploads\/Z63_3564_HD-300x200.jpg\" width=\"300\" height=\"200\" alt=\"\" \/><\/a><\/div><div class=\"rl-gallery-item\"><a href=\"https:\/\/campingehrwald.at\/wp-content\/uploads\/Z63_3563_HD.jpg\" title=\"\" data-rl_title=\"\" class=\"rl-gallery-link\" data-rl_caption=\"minnimedia.de\" data-rel=\"lightbox-gallery-bGlnaHRib3gtZ2FsbGVyeS0x\" data-rl_title=\"\" data-rl_caption=\"\"><img loading=\"lazy\" decoding=\"async\" src=\"https:\/\/campingehrwald.at\/wp-content\/uploads\/Z63_3563_HD-200x300.jpg\" width=\"200\" height=\"300\" alt=\"\" \/><\/a><\/div><div class=\"rl-gallery-item\"><a href=\"https:\/\/campingehrwald.at\/wp-content\/uploads\/Z63_3599_HD_01.jpg\" title=\"\" data-rl_title=\"\" class=\"rl-gallery-link\" data-rl_caption=\"minnimedia.de\" data-rel=\"lightbox-gallery-bGlnaHRib3gtZ2FsbGVyeS0x\" data-rl_title=\"\" data-rl_caption=\"\"><img loading=\"lazy\" decoding=\"async\" src=\"https:\/\/campingehrwald.at\/wp-content\/uploads\/Z63_3599_HD_01-300x200.jpg\" width=\"300\" height=\"200\" alt=\"\" \/><\/a><\/div><div class=\"rl-gallery-item\"><a href=\"https:\/\/campingehrwald.at\/wp-content\/uploads\/Z63_3582-Kopie_HD.jpg\" title=\"\" data-rl_title=\"\" class=\"rl-gallery-link\" data-rl_caption=\"minnimedia.de\" data-rel=\"lightbox-gallery-bGlnaHRib3gtZ2FsbGVyeS0x\" data-rl_title=\"\" data-rl_caption=\"\"><img loading=\"lazy\" decoding=\"async\" src=\"https:\/\/campingehrwald.at\/wp-content\/uploads\/Z63_3582-Kopie_HD-300x200.jpg\" width=\"300\" height=\"200\" alt=\"\" \/><\/a><\/div><div class=\"rl-gallery-item\"><a href=\"https:\/\/campingehrwald.at\/wp-content\/uploads\/Z63_3578_HD.jpg\" title=\"\" data-rl_title=\"\" class=\"rl-gallery-link\" data-rl_caption=\"minnimedia.de\" data-rel=\"lightbox-gallery-bGlnaHRib3gtZ2FsbGVyeS0x\" data-rl_title=\"\" data-rl_caption=\"\"><img loading=\"lazy\" decoding=\"async\" src=\"https:\/\/campingehrwald.at\/wp-content\/uploads\/Z63_3578_HD-300x200.jpg\" width=\"300\" height=\"200\" alt=\"\" \/><\/a><\/div><div class=\"rl-gallery-item\"><a href=\"https:\/\/campingehrwald.at\/wp-content\/uploads\/Z63_3581_HD.jpg\" title=\"\" data-rl_title=\"\" class=\"rl-gallery-link\" data-rl_caption=\"minnimedia.de\" data-rel=\"lightbox-gallery-bGlnaHRib3gtZ2FsbGVyeS0x\" data-rl_title=\"\" data-rl_caption=\"\"><img loading=\"lazy\" decoding=\"async\" src=\"https:\/\/campingehrwald.at\/wp-content\/uploads\/Z63_3581_HD-300x200.jpg\" width=\"300\" height=\"200\" alt=\"\" \/><\/a><\/div><div class=\"rl-gallery-item\"><a href=\"https:\/\/campingehrwald.at\/wp-content\/uploads\/Z63_3588_HD.jpg\" title=\"\" data-rl_title=\"\" class=\"rl-gallery-link\" data-rl_caption=\"minnimedia.de\" data-rel=\"lightbox-gallery-bGlnaHRib3gtZ2FsbGVyeS0x\" data-rl_title=\"\" data-rl_caption=\"\"><img loading=\"lazy\" decoding=\"async\" src=\"https:\/\/campingehrwald.at\/wp-content\/uploads\/Z63_3588_HD-300x200.jpg\" width=\"300\" height=\"200\" alt=\"\" \/><\/a><\/div><div class=\"rl-gallery-item\"><a href=\"https:\/\/campingehrwald.at\/wp-content\/uploads\/Z63_3584_HD.jpg\" title=\"\" data-rl_title=\"\" class=\"rl-gallery-link\" data-rl_caption=\"minnimedia.de\" data-rel=\"lightbox-gallery-bGlnaHRib3gtZ2FsbGVyeS0x\" data-rl_title=\"\" data-rl_caption=\"\"><img loading=\"lazy\" decoding=\"async\" src=\"https:\/\/campingehrwald.at\/wp-content\/uploads\/Z63_3584_HD-200x300.jpg\" width=\"200\" height=\"300\" alt=\"\" \/><\/a><\/div><div class=\"rl-gallery-item\"><a href=\"https:\/\/campingehrwald.at\/wp-content\/uploads\/IMG_3222.jpg\" title=\"\" data-rl_title=\"\" class=\"rl-gallery-link\" data-rl_caption=\"\" data-rel=\"lightbox-gallery-bGlnaHRib3gtZ2FsbGVyeS0x\" data-rl_title=\"\" data-rl_caption=\"\"><img loading=\"lazy\" decoding=\"async\" src=\"https:\/\/campingehrwald.at\/wp-content\/uploads\/IMG_3222-300x281.jpg\" width=\"300\" height=\"281\" alt=\"\" \/><\/a><\/div><div class=\"rl-gallery-item\"><a href=\"https:\/\/campingehrwald.at\/wp-content\/uploads\/Foto-07.06.25-19-20-34.jpg\" title=\"\" data-rl_title=\"\" class=\"rl-gallery-link\" data-rl_caption=\"\" data-rel=\"lightbox-gallery-bGlnaHRib3gtZ2FsbGVyeS0x\" data-rl_title=\"\" data-rl_caption=\"\"><img loading=\"lazy\" decoding=\"async\" src=\"https:\/\/campingehrwald.at\/wp-content\/uploads\/Foto-07.06.25-19-20-34-300x283.jpg\" width=\"300\" height=\"283\" alt=\"\" \/><\/a><\/div><div class=\"rl-gallery-item\"><a href=\"https:\/\/campingehrwald.at\/wp-content\/uploads\/Z63_3567_HD.jpg\" title=\"\" data-rl_title=\"\" class=\"rl-gallery-link\" data-rl_caption=\"minnimedia.de\" data-rel=\"lightbox-gallery-bGlnaHRib3gtZ2FsbGVyeS0x\" data-rl_title=\"\" data-rl_caption=\"\"><img loading=\"lazy\" decoding=\"async\" src=\"https:\/\/campingehrwald.at\/wp-content\/uploads\/Z63_3567_HD-300x200.jpg\" width=\"300\" height=\"200\" alt=\"\" \/><\/a><\/div><div class=\"rl-gallery-item\"><a href=\"https:\/\/campingehrwald.at\/wp-content\/uploads\/IMG_3223.jpg\" title=\"\" data-rl_title=\"\" class=\"rl-gallery-link\" data-rl_caption=\"\" data-rel=\"lightbox-gallery-bGlnaHRib3gtZ2FsbGVyeS0x\" data-rl_title=\"\" data-rl_caption=\"\"><img loading=\"lazy\" decoding=\"async\" src=\"https:\/\/campingehrwald.at\/wp-content\/uploads\/IMG_3223-300x281.jpg\" width=\"300\" height=\"281\" alt=\"\" \/><\/a><\/div><div class=\"rl-gallery-item\"><a href=\"https:\/\/campingehrwald.at\/wp-content\/uploads\/Foto-02.06.25-20-05-58.jpg\" title=\"\" data-rl_title=\"\" class=\"rl-gallery-link\" data-rl_caption=\"\" data-rel=\"lightbox-gallery-bGlnaHRib3gtZ2FsbGVyeS0x\" data-rl_title=\"\" data-rl_caption=\"\"><img loading=\"lazy\" decoding=\"async\" src=\"https:\/\/campingehrwald.at\/wp-content\/uploads\/Foto-02.06.25-20-05-58-300x260.jpg\" width=\"300\" height=\"260\" alt=\"\" \/><\/a><\/div><div class=\"rl-gallery-item\"><a href=\"https:\/\/campingehrwald.at\/wp-content\/uploads\/Foto-02.06.25-19-10-56.jpg\" title=\"\" data-rl_title=\"\" class=\"rl-gallery-link\" data-rl_caption=\"\" data-rel=\"lightbox-gallery-bGlnaHRib3gtZ2FsbGVyeS0x\" data-rl_title=\"\" data-rl_caption=\"\"><img loading=\"lazy\" decoding=\"async\" src=\"https:\/\/campingehrwald.at\/wp-content\/uploads\/Foto-02.06.25-19-10-56-300x300.jpg\" width=\"300\" height=\"300\" alt=\"\" \/><\/a><\/div><div class=\"rl-gallery-item\"><a href=\"https:\/\/campingehrwald.at\/wp-content\/uploads\/DSC_2243.jpg\" title=\"\" data-rl_title=\"\" class=\"rl-gallery-link\" data-rl_caption=\"\" data-rel=\"lightbox-gallery-bGlnaHRib3gtZ2FsbGVyeS0x\" data-rl_title=\"\" data-rl_caption=\"\"><img loading=\"lazy\" decoding=\"async\" src=\"https:\/\/campingehrwald.at\/wp-content\/uploads\/DSC_2243-199x300.jpg\" width=\"199\" height=\"300\" alt=\"\" \/><\/a><\/div><div class=\"rl-gallery-item\"><a href=\"https:\/\/campingehrwald.at\/wp-content\/uploads\/DSC_2239.jpg\" title=\"\" data-rl_title=\"\" class=\"rl-gallery-link\" data-rl_caption=\"\" data-rel=\"lightbox-gallery-bGlnaHRib3gtZ2FsbGVyeS0x\" data-rl_title=\"\" data-rl_caption=\"\"><img loading=\"lazy\" decoding=\"async\" src=\"https:\/\/campingehrwald.at\/wp-content\/uploads\/DSC_2239-199x300.jpg\" width=\"199\" height=\"300\" alt=\"\" \/><\/a><\/div><div class=\"rl-gallery-item\"><a href=\"https:\/\/campingehrwald.at\/wp-content\/uploads\/IMG_3227.jpg\" title=\"\" data-rl_title=\"\" class=\"rl-gallery-link\" data-rl_caption=\"\" data-rel=\"lightbox-gallery-bGlnaHRib3gtZ2FsbGVyeS0x\" data-rl_title=\"\" data-rl_caption=\"\"><img loading=\"lazy\" decoding=\"async\" src=\"https:\/\/campingehrwald.at\/wp-content\/uploads\/IMG_3227-300x246.jpg\" width=\"300\" height=\"246\" alt=\"\" \/><\/a><\/div><div class=\"rl-gallery-item\"><a href=\"https:\/\/campingehrwald.at\/wp-content\/uploads\/IMG_3422.jpg\" title=\"\" data-rl_title=\"\" class=\"rl-gallery-link\" data-rl_caption=\"\" data-rel=\"lightbox-gallery-bGlnaHRib3gtZ2FsbGVyeS0x\" data-rl_title=\"\" data-rl_caption=\"\"><img loading=\"lazy\" decoding=\"async\" src=\"https:\/\/campingehrwald.at\/wp-content\/uploads\/IMG_3422-300x253.jpg\" width=\"300\" height=\"253\" alt=\"\" \/><\/a><\/div> <\/div> <\/div>\n","protected":false},"excerpt":{"rendered":"<p>In unserem Restaurant &#8220;Campingst\u00fcble&#8221; bietet wir ihnen \u00f6sterreichische und italienische K\u00fcche an. Sie k\u00f6nnen ihre Speisen sowohl im Innenbereich, als auch auf der Terrasse genie\u00dfen. Vorab k\u00f6nnen sie sich schon gern in unserer Speisekarte umsehen oder diese herunterladen. Wir bieten ihnen alle Speisen auch zum mitnehmen an!<\/p>\n","protected":false},"author":5,"featured_media":0,"parent":0,"menu_order":0,"comment_status":"closed","ping_status":"closed","template":"","meta":{"neve_meta_sidebar":"full-width","neve_meta_container":"","neve_meta_enable_content_width":"","neve_meta_content_width":0,"neve_meta_title_alignment":"","neve_meta_author_avatar":"","neve_post_elements_order":"","neve_meta_disable_header":"","neve_meta_disable_footer":"","neve_meta_disable_title":"","footnotes":""},"class_list":["post-133","page","type-page","status-publish","hentry"],"translation":{"provider":"WPGlobus","version":"3.0.2","language":"en","enabled_languages":["de","nl","en"],"languages":{"de":{"title":true,"content":true,"excerpt":false},"nl":{"title":false,"content":false,"excerpt":false},"en":{"title":false,"content":false,"excerpt":false}}},"jetpack_sharing_enabled":true,"_links":{"self":[{"href":"https:\/\/campingehrwald.at\/en\/wp-json\/wp\/v2\/pages\/133","targetHints":{"allow":["GET"]}}],"collection":[{"href":"https:\/\/campingehrwald.at\/en\/wp-json\/wp\/v2\/pages"}],"about":[{"href":"https:\/\/campingehrwald.at\/en\/wp-json\/wp\/v2\/types\/page"}],"author":[{"embeddable":true,"href":"https:\/\/campingehrwald.at\/en\/wp-json\/wp\/v2\/users\/5"}],"replies":[{"embeddable":true,"href":"https:\/\/campingehrwald.at\/en\/wp-json\/wp\/v2\/comments?post=133"}],"version-history":[{"count":29,"href":"https:\/\/campingehrwald.at\/en\/wp-json\/wp\/v2\/pages\/133\/revisions"}],"predecessor-version":[{"id":10648,"href":"https:\/\/campingehrwald.at\/en\/wp-json\/wp\/v2\/pages\/133\/revisions\/10648"}],"wp:attachment":[{"href":"https:\/\/campingehrwald.at\/en\/wp-json\/wp\/v2\/media?parent=133"}],"curies":[{"name":"wp","href":"https:\/\/api.w.org\/{rel}","templated":true}]}}