{"id":1277,"date":"2022-05-15T09:59:29","date_gmt":"2022-05-15T07:59:29","guid":{"rendered":"https:\/\/www.campingehrwald.at\/?page_id=1277"},"modified":"2022-05-15T11:31:22","modified_gmt":"2022-05-15T09:31:22","slug":"schiraum","status":"publish","type":"page","link":"https:\/\/campingehrwald.at\/en\/schiraum\/","title":{"rendered":"Schiraum"},"content":{"rendered":"\n<p>F\u00fcr alle Wintersportler steht ein ger\u00e4umiger Schiraum mit beheizbaren Schuhtrocknern zur Verf\u00fcgung.<\/p>\n\n\n\n<div class=\"wp-block-columns is-layout-flex wp-container-core-columns-is-layout-9d6595d7 wp-block-columns-is-layout-flex\">\n<div class=\"wp-block-column is-layout-flow wp-block-column-is-layout-flow\">\n<figure class=\"wp-block-image size-large\"><a  href=\"https:\/\/campingehrwald.at\/wp-content\/uploads\/Z62_3406_HD.jpg\" data-rel=\"lightbox-gallery-0\" data-rl_title=\"\" data-rl_caption=\"\" title=\"\"><img loading=\"lazy\" decoding=\"async\" width=\"1624\" height=\"1080\" src=\"https:\/\/campingehrwald.at\/wp-content\/uploads\/Z62_3406_HD-1624x1080.jpg\" alt=\"\" class=\"wp-image-1274\" srcset=\"https:\/\/campingehrwald.at\/wp-content\/uploads\/Z62_3406_HD-1624x1080.jpg 1624w, https:\/\/campingehrwald.at\/wp-content\/uploads\/Z62_3406_HD-300x200.jpg 300w, https:\/\/campingehrwald.at\/wp-content\/uploads\/Z62_3406_HD-768x511.jpg 768w, https:\/\/campingehrwald.at\/wp-content\/uploads\/Z62_3406_HD-1536x1022.jpg 1536w, https:\/\/campingehrwald.at\/wp-content\/uploads\/Z62_3406_HD.jpg 1920w\" sizes=\"auto, (max-width: 1624px) 100vw, 1624px\" \/><\/a><figcaption>Schiraum &#8211; Schuhtrockner<\/figcaption><\/figure>\n\n\n\n<figure class=\"wp-block-image size-large\"><a  href=\"https:\/\/campingehrwald.at\/wp-content\/uploads\/Z62_3409_HD-1624x1080.jpg\" data-rel=\"lightbox-gallery-0\" data-rl_title=\"\" data-rl_caption=\"\" title=\"\"><img loading=\"lazy\" decoding=\"async\" width=\"1624\" height=\"1080\" src=\"https:\/\/campingehrwald.at\/wp-content\/uploads\/Z62_3409_HD-1624x1080.jpg\" alt=\"\" class=\"wp-image-1281\" srcset=\"https:\/\/campingehrwald.at\/wp-content\/uploads\/Z62_3409_HD-1624x1080.jpg 1624w, https:\/\/campingehrwald.at\/wp-content\/uploads\/Z62_3409_HD-300x200.jpg 300w, https:\/\/campingehrwald.at\/wp-content\/uploads\/Z62_3409_HD-768x511.jpg 768w, https:\/\/campingehrwald.at\/wp-content\/uploads\/Z62_3409_HD-1536x1022.jpg 1536w, https:\/\/campingehrwald.at\/wp-content\/uploads\/Z62_3409_HD.jpg 1920w\" sizes=\"auto, (max-width: 1624px) 100vw, 1624px\" \/><\/a><figcaption>Schiraum &#8211; Schi\/Snowboard St\u00e4nder<\/figcaption><\/figure>\n<\/div>\n\n\n\n<div class=\"wp-block-column is-layout-flow wp-block-column-is-layout-flow\">\n<figure class=\"wp-block-image size-large\"><a  href=\"https:\/\/campingehrwald.at\/wp-content\/uploads\/Z62_3415_HD.jpg\" data-rel=\"lightbox-gallery-0\" data-rl_title=\"\" data-rl_caption=\"\" title=\"\"><img loading=\"lazy\" decoding=\"async\" width=\"1624\" height=\"1080\" src=\"https:\/\/campingehrwald.at\/wp-content\/uploads\/Z62_3415_HD-1624x1080.jpg\" alt=\"\" class=\"wp-image-1275\" srcset=\"https:\/\/campingehrwald.at\/wp-content\/uploads\/Z62_3415_HD-1624x1080.jpg 1624w, https:\/\/campingehrwald.at\/wp-content\/uploads\/Z62_3415_HD-300x200.jpg 300w, https:\/\/campingehrwald.at\/wp-content\/uploads\/Z62_3415_HD-768x511.jpg 768w, https:\/\/campingehrwald.at\/wp-content\/uploads\/Z62_3415_HD-1536x1022.jpg 1536w, https:\/\/campingehrwald.at\/wp-content\/uploads\/Z62_3415_HD.jpg 1920w\" sizes=\"auto, (max-width: 1624px) 100vw, 1624px\" \/><\/a><figcaption>Schiraum &#8211; Schi-St\u00e4nder<\/figcaption><\/figure>\n<\/div>\n<\/div>\n","protected":false},"excerpt":{"rendered":"<p>F\u00fcr alle Wintersportler steht ein ger\u00e4umiger Schiraum mit beheizbaren Schuhtrocknern zur Verf\u00fcgung.<\/p>\n","protected":false},"author":5,"featured_media":0,"parent":0,"menu_order":0,"comment_status":"closed","ping_status":"closed","template":"","meta":{"neve_meta_sidebar":"full-width","neve_meta_container":"","neve_meta_enable_content_width":"","neve_meta_content_width":0,"neve_meta_title_alignment":"","neve_meta_author_avatar":"","neve_post_elements_order":"","neve_meta_disable_header":"","neve_meta_disable_footer":"","neve_meta_disable_title":"","footnotes":""},"class_list":["post-1277","page","type-page","status-publish","hentry"],"translation":{"provider":"WPGlobus","version":"3.0.2","language":"en","enabled_languages":["de","nl","en"],"languages":{"de":{"title":true,"content":true,"excerpt":false},"nl":{"title":false,"content":false,"excerpt":false},"en":{"title":false,"content":false,"excerpt":false}}},"jetpack_sharing_enabled":true,"_links":{"self":[{"href":"https:\/\/campingehrwald.at\/en\/wp-json\/wp\/v2\/pages\/1277","targetHints":{"allow":["GET"]}}],"collection":[{"href":"https:\/\/campingehrwald.at\/en\/wp-json\/wp\/v2\/pages"}],"about":[{"href":"https:\/\/campingehrwald.at\/en\/wp-json\/wp\/v2\/types\/page"}],"author":[{"embeddable":true,"href":"https:\/\/campingehrwald.at\/en\/wp-json\/wp\/v2\/users\/5"}],"replies":[{"embeddable":true,"href":"https:\/\/campingehrwald.at\/en\/wp-json\/wp\/v2\/comments?post=1277"}],"version-history":[{"count":4,"href":"https:\/\/campingehrwald.at\/en\/wp-json\/wp\/v2\/pages\/1277\/revisions"}],"predecessor-version":[{"id":1286,"href":"https:\/\/campingehrwald.at\/en\/wp-json\/wp\/v2\/pages\/1277\/revisions\/1286"}],"wp:attachment":[{"href":"https:\/\/campingehrwald.at\/en\/wp-json\/wp\/v2\/media?parent=1277"}],"curies":[{"name":"wp","href":"https:\/\/api.w.org\/{rel}","templated":true}]}}